{"id":706,"date":"2025-04-22T16:46:41","date_gmt":"2025-04-22T16:46:41","guid":{"rendered":"https:\/\/livinylvinyl.com\/?post_type=product&#038;p=706"},"modified":"2025-04-22T17:21:46","modified_gmt":"2025-04-22T17:21:46","slug":"vinilo-de-corte-de-color","status":"publish","type":"product","link":"https:\/\/livinylvinyl.com\/lt\/product\/vinilo-de-corte-de-color\/","title":{"rendered":"Oracal 651 Alternative VINILO DE CORTE DE COLOR, skirtas \"Cricut\" ma\u0161inai, nuolatinis lauko vinilas, skirtas \"pasidaryk pats\" sien\u0173 lipdukams, automobili\u0173 lipdukams, vestuv\u0117ms, vakar\u0117liams, puodeliams, u\u017era\u0161\u0173 knygel\u0117ms"},"content":{"rendered":"<div class=\"attribute-list\">\n<div class=\"attribute-item\">\n<div class=\"left\">\n<div id=\"sellingpoint\" class=\"header\"><\/div>\n<div class=\"attribute-info\">\n<div class=\"attribute-list\">\n<div class=\"attribute-item\">\n<div class=\"left\">\n<h2>Purple Permanent VINILO DE CORTE DE COLOR for Cricut Machine, Permanent Outdoor Vinyl for DIY Wall Stickers, Car Decals, Weddings, Parties, Mugs, Notebooks<\/h2>\n<ul class=\"a-unordered-list a-vertical a-spacing-mini\">\n<li class=\"a-spacing-mini\"><span class=\"a-list-item\">EASY TO CUT: Premium permanent VINILO DE CORTE DE COLOR material has soft properties. It can be fabricated and cut into different shapes and patterns as needed, and can be customized to different sizes, shapes and design requirements. Our vinyl suitable for a variety of different application scenarios<\/span><\/li>\n<li class=\"a-spacing-mini\"><span class=\"a-list-item\">EASY TO WEED: Sileelis permanent VINILO DE CORTE DE COLOR is easy to weed and transfer. Our vinyl material has been carefully engineered to be easy to weed and transfer while conforming to all cutting machines. Save time for more design projects<\/span><\/li>\n<li class=\"a-spacing-mini\"><span class=\"a-list-item\">STRONG ADHESION: Sileelis permanent vinyl has strong adhesion. It can be easily applied to smooth, dry surfaces using vinyl transfer paper. The adhesive vinyl is highly durable and will keep your artwork color-fast for a long time<\/span><\/li>\n<li class=\"a-spacing-mini\"><span class=\"a-list-item\">WIDE APPLICATION: VINILO DE CORTE DE COLOR is washable and light-fastness. Personalization with permanent vinyl is becoming common in life. It can be safely used for indoor and outdoor decorations . Such as mugs, car stickers, holiday decorations, wall decals, mailbox decorations, skateboards and more<\/span><\/li>\n<li class=\"a-spacing-mini\"><span class=\"a-list-item\">CREATIVE GOODIES: Our permanent vinyl products can be customized and modified to suit individual preferences. Our customers can apply their creativity to vinyl with no limitations. We believe that all these permanent vinyls can be presented in a good way<\/span><\/li>\n<\/ul>\n<\/div>\n<\/div>\n<\/div>\n<\/div>\n<\/div>\n<\/div>\n<\/div>\n<p><img fetchpriority=\"high\" decoding=\"async\" class=\"alignnone size-full wp-image-702\" src=\"https:\/\/livinylvinyl.com\/wp-content\/uploads\/2025\/04\/LETTERING-VINYL-3.jpg\" alt=\"\" width=\"750\" height=\"734\" srcset=\"https:\/\/livinylvinyl.com\/wp-content\/uploads\/2025\/04\/LETTERING-VINYL-3.jpg 750w, https:\/\/livinylvinyl.com\/wp-content\/uploads\/2025\/04\/LETTERING-VINYL-3-300x294.jpg 300w, https:\/\/livinylvinyl.com\/wp-content\/uploads\/2025\/04\/LETTERING-VINYL-3-600x587.jpg 600w\" sizes=\"(max-width: 750px) 100vw, 750px\" \/> <img decoding=\"async\" class=\"alignnone size-full wp-image-692\" src=\"https:\/\/livinylvinyl.com\/wp-content\/uploads\/2025\/04\/color-CUTTING-VINYL-3.avif\" alt=\"color CUTTING VINYL (4)\" width=\"790\" height=\"594\" srcset=\"https:\/\/livinylvinyl.com\/wp-content\/uploads\/2025\/04\/color-CUTTING-VINYL-3.avif 790w, https:\/\/livinylvinyl.com\/wp-content\/uploads\/2025\/04\/color-CUTTING-VINYL-3-300x226.avif 300w, https:\/\/livinylvinyl.com\/wp-content\/uploads\/2025\/04\/color-CUTTING-VINYL-3-768x577.avif 768w, https:\/\/livinylvinyl.com\/wp-content\/uploads\/2025\/04\/color-CUTTING-VINYL-3-600x451.avif 600w\" sizes=\"(max-width: 790px) 100vw, 790px\" \/> <img decoding=\"async\" class=\"alignnone size-full wp-image-703\" src=\"https:\/\/livinylvinyl.com\/wp-content\/uploads\/2025\/04\/LETTERING-VINYL-4.jpg\" alt=\"U\u017dRA\u0160AI I\u0160 VINILO \" width=\"750\" height=\"750\" srcset=\"https:\/\/livinylvinyl.com\/wp-content\/uploads\/2025\/04\/LETTERING-VINYL-4.jpg 750w, https:\/\/livinylvinyl.com\/wp-content\/uploads\/2025\/04\/LETTERING-VINYL-4-300x300.jpg 300w, https:\/\/livinylvinyl.com\/wp-content\/uploads\/2025\/04\/LETTERING-VINYL-4-150x150.jpg 150w, https:\/\/livinylvinyl.com\/wp-content\/uploads\/2025\/04\/LETTERING-VINYL-4-600x600.jpg 600w, https:\/\/livinylvinyl.com\/wp-content\/uploads\/2025\/04\/LETTERING-VINYL-4-100x100.jpg 100w\" sizes=\"(max-width: 750px) 100vw, 750px\" \/> <img loading=\"lazy\" decoding=\"async\" class=\"alignnone size-full wp-image-701\" src=\"https:\/\/livinylvinyl.com\/wp-content\/uploads\/2025\/04\/LETTERING-VINYL-2.jpg\" alt=\"U\u017dRA\u0160AI I\u0160 VINILO \" width=\"750\" height=\"923\" srcset=\"https:\/\/livinylvinyl.com\/wp-content\/uploads\/2025\/04\/LETTERING-VINYL-2.jpg 750w, https:\/\/livinylvinyl.com\/wp-content\/uploads\/2025\/04\/LETTERING-VINYL-2-244x300.jpg 244w, https:\/\/livinylvinyl.com\/wp-content\/uploads\/2025\/04\/LETTERING-VINYL-2-600x738.jpg 600w\" sizes=\"(max-width: 750px) 100vw, 750px\" \/> <img loading=\"lazy\" decoding=\"async\" class=\"alignnone size-full wp-image-700\" src=\"https:\/\/livinylvinyl.com\/wp-content\/uploads\/2025\/04\/LETTERING-VINYL-1.jpg\" alt=\"U\u017dRA\u0160AI I\u0160 VINILO \" width=\"750\" height=\"604\" srcset=\"https:\/\/livinylvinyl.com\/wp-content\/uploads\/2025\/04\/LETTERING-VINYL-1.jpg 750w, https:\/\/livinylvinyl.com\/wp-content\/uploads\/2025\/04\/LETTERING-VINYL-1-300x242.jpg 300w, https:\/\/livinylvinyl.com\/wp-content\/uploads\/2025\/04\/LETTERING-VINYL-1-600x483.jpg 600w\" sizes=\"(max-width: 750px) 100vw, 750px\" \/> <img loading=\"lazy\" decoding=\"async\" class=\"alignnone size-full wp-image-704\" src=\"https:\/\/livinylvinyl.com\/wp-content\/uploads\/2025\/04\/LETTERING-VINYL-5.jpg\" alt=\"U\u017dRA\u0160AI I\u0160 VINILO \" width=\"750\" height=\"474\" srcset=\"https:\/\/livinylvinyl.com\/wp-content\/uploads\/2025\/04\/LETTERING-VINYL-5.jpg 750w, https:\/\/livinylvinyl.com\/wp-content\/uploads\/2025\/04\/LETTERING-VINYL-5-300x190.jpg 300w, https:\/\/livinylvinyl.com\/wp-content\/uploads\/2025\/04\/LETTERING-VINYL-5-600x379.jpg 600w\" sizes=\"(max-width: 750px) 100vw, 750px\" \/><\/p>\n<h2>our company<\/h2>\n<p>\"Livinyl Co., Ltd\" Nuo 2012 m. s\u0117kmingai kuriame, gaminame ir prekiaujame lipniomis pl\u0117vel\u0117mis, skirtomis \u012fvairioms reikm\u0117ms. \"Livinyl\" daugiausia d\u0117mesio skiria \u0161iluminio perne\u0161imo vinilo, reklamini\u0173 lipni\u0173 vinil\u0173, automobili\u0173 apklijavimo vinil\u0173, sm\u0117liavimo \u0161ablon\u0173, dekoratyvini\u0173 vinil\u0173 projektavimui, gamybai ir pardavimui... M\u016bs\u0173 klient\u0173 poreikiai ir rinkos reikalavimai nuolat skatina mus siekti nauj\u0173 id\u0117j\u0173, kurias paver\u010diame novatori\u0161kais ir auk\u0161tos kokyb\u0117s produktais, kuri\u0173 kokyb\u0117 u\u017etikrinama \"Pagaminta Kinijoje\".<\/p>\n<p>LiVinyl, is an emerging vinyl manufacturer headquartered in guangdong, China More than 13\u00a0years of manufacturing experience.<\/p>\n<figure id=\"attachment_616\" aria-describedby=\"caption-attachment-616\" style=\"width: 1706px\" class=\"wp-caption alignnone\"><img loading=\"lazy\" decoding=\"async\" class=\"size-full wp-image-616\" src=\"https:\/\/livinylvinyl.com\/wp-content\/uploads\/2025\/04\/RAW-MATERIALS.jpg\" alt=\"vinilas\" width=\"1706\" height=\"960\" srcset=\"https:\/\/livinylvinyl.com\/wp-content\/uploads\/2025\/04\/RAW-MATERIALS.jpg 1706w, https:\/\/livinylvinyl.com\/wp-content\/uploads\/2025\/04\/RAW-MATERIALS-300x169.jpg 300w, https:\/\/livinylvinyl.com\/wp-content\/uploads\/2025\/04\/RAW-MATERIALS-1024x576.jpg 1024w, https:\/\/livinylvinyl.com\/wp-content\/uploads\/2025\/04\/RAW-MATERIALS-768x432.jpg 768w, https:\/\/livinylvinyl.com\/wp-content\/uploads\/2025\/04\/RAW-MATERIALS-1536x864.jpg 1536w, https:\/\/livinylvinyl.com\/wp-content\/uploads\/2025\/04\/RAW-MATERIALS-600x338.jpg 600w\" sizes=\"(max-width: 1706px) 100vw, 1706px\" \/><figcaption id=\"caption-attachment-616\" class=\"wp-caption-text\">RAW MATERIALS<\/figcaption><\/figure>\n<figure id=\"attachment_612\" aria-describedby=\"caption-attachment-612\" style=\"width: 800px\" class=\"wp-caption alignnone\"><img loading=\"lazy\" decoding=\"async\" class=\"size-full wp-image-612\" src=\"https:\/\/livinylvinyl.com\/wp-content\/uploads\/2025\/04\/FACTORY.jpg\" alt=\"vinilas\" width=\"800\" height=\"600\" srcset=\"https:\/\/livinylvinyl.com\/wp-content\/uploads\/2025\/04\/FACTORY.jpg 800w, https:\/\/livinylvinyl.com\/wp-content\/uploads\/2025\/04\/FACTORY-300x225.jpg 300w, https:\/\/livinylvinyl.com\/wp-content\/uploads\/2025\/04\/FACTORY-768x576.jpg 768w, https:\/\/livinylvinyl.com\/wp-content\/uploads\/2025\/04\/FACTORY-600x450.jpg 600w\" sizes=\"(max-width: 800px) 100vw, 800px\" \/><figcaption id=\"caption-attachment-612\" class=\"wp-caption-text\">FACTORY<\/figcaption><\/figure>\n<figure id=\"attachment_614\" aria-describedby=\"caption-attachment-614\" style=\"width: 887px\" class=\"wp-caption alignnone\"><img loading=\"lazy\" decoding=\"async\" class=\"size-full wp-image-614\" src=\"https:\/\/livinylvinyl.com\/wp-content\/uploads\/2025\/04\/JUMB-ROLLS-STOCK.jpg\" alt=\"vinilas\" width=\"887\" height=\"665\" srcset=\"https:\/\/livinylvinyl.com\/wp-content\/uploads\/2025\/04\/JUMB-ROLLS-STOCK.jpg 887w, https:\/\/livinylvinyl.com\/wp-content\/uploads\/2025\/04\/JUMB-ROLLS-STOCK-300x225.jpg 300w, https:\/\/livinylvinyl.com\/wp-content\/uploads\/2025\/04\/JUMB-ROLLS-STOCK-768x576.jpg 768w, https:\/\/livinylvinyl.com\/wp-content\/uploads\/2025\/04\/JUMB-ROLLS-STOCK-600x450.jpg 600w\" sizes=\"(max-width: 887px) 100vw, 887px\" \/><figcaption id=\"caption-attachment-614\" class=\"wp-caption-text\">JUMB ROLLS STOCK<\/figcaption><\/figure>\n<figure id=\"attachment_615\" aria-describedby=\"caption-attachment-615\" style=\"width: 1452px\" class=\"wp-caption alignnone\"><img loading=\"lazy\" decoding=\"async\" class=\"size-full wp-image-615\" src=\"https:\/\/livinylvinyl.com\/wp-content\/uploads\/2025\/04\/RAW-MATERIAL.jpg\" alt=\"vinilas\" width=\"1452\" height=\"816\" srcset=\"https:\/\/livinylvinyl.com\/wp-content\/uploads\/2025\/04\/RAW-MATERIAL.jpg 1452w, https:\/\/livinylvinyl.com\/wp-content\/uploads\/2025\/04\/RAW-MATERIAL-300x169.jpg 300w, https:\/\/livinylvinyl.com\/wp-content\/uploads\/2025\/04\/RAW-MATERIAL-1024x575.jpg 1024w, https:\/\/livinylvinyl.com\/wp-content\/uploads\/2025\/04\/RAW-MATERIAL-768x432.jpg 768w, https:\/\/livinylvinyl.com\/wp-content\/uploads\/2025\/04\/RAW-MATERIAL-600x337.jpg 600w\" sizes=\"(max-width: 1452px) 100vw, 1452px\" \/><figcaption id=\"caption-attachment-615\" class=\"wp-caption-text\">RAW MATERIAL<\/figcaption><\/figure>\n<figure id=\"attachment_611\" aria-describedby=\"caption-attachment-611\" style=\"width: 1530px\" class=\"wp-caption alignnone\"><img loading=\"lazy\" decoding=\"async\" class=\"size-full wp-image-611\" src=\"https:\/\/livinylvinyl.com\/wp-content\/uploads\/2025\/04\/Cutting.png\" alt=\"vinilas\" width=\"1530\" height=\"859\" srcset=\"https:\/\/livinylvinyl.com\/wp-content\/uploads\/2025\/04\/Cutting.png 1530w, https:\/\/livinylvinyl.com\/wp-content\/uploads\/2025\/04\/Cutting-300x168.png 300w, https:\/\/livinylvinyl.com\/wp-content\/uploads\/2025\/04\/Cutting-1024x575.png 1024w, https:\/\/livinylvinyl.com\/wp-content\/uploads\/2025\/04\/Cutting-768x431.png 768w, https:\/\/livinylvinyl.com\/wp-content\/uploads\/2025\/04\/Cutting-600x337.png 600w\" sizes=\"(max-width: 1530px) 100vw, 1530px\" \/><figcaption id=\"caption-attachment-611\" class=\"wp-caption-text\">Cutting<\/figcaption><\/figure>\n<figure id=\"attachment_610\" aria-describedby=\"caption-attachment-610\" style=\"width: 1494px\" class=\"wp-caption alignnone\"><img loading=\"lazy\" decoding=\"async\" class=\"size-full wp-image-610\" src=\"https:\/\/livinylvinyl.com\/wp-content\/uploads\/2025\/04\/Composite.png\" alt=\"vinilas\" width=\"1494\" height=\"839\" srcset=\"https:\/\/livinylvinyl.com\/wp-content\/uploads\/2025\/04\/Composite.png 1494w, https:\/\/livinylvinyl.com\/wp-content\/uploads\/2025\/04\/Composite-300x168.png 300w, https:\/\/livinylvinyl.com\/wp-content\/uploads\/2025\/04\/Composite-1024x575.png 1024w, https:\/\/livinylvinyl.com\/wp-content\/uploads\/2025\/04\/Composite-768x431.png 768w, https:\/\/livinylvinyl.com\/wp-content\/uploads\/2025\/04\/Composite-600x337.png 600w\" sizes=\"(max-width: 1494px) 100vw, 1494px\" \/><figcaption id=\"caption-attachment-610\" class=\"wp-caption-text\">Composite<\/figcaption><\/figure>\n<figure id=\"attachment_609\" aria-describedby=\"caption-attachment-609\" style=\"width: 1586px\" class=\"wp-caption alignnone\"><img loading=\"lazy\" decoding=\"async\" class=\"size-full wp-image-609\" src=\"https:\/\/livinylvinyl.com\/wp-content\/uploads\/2025\/04\/Coating.png\" alt=\"vinilas\" width=\"1586\" height=\"891\" srcset=\"https:\/\/livinylvinyl.com\/wp-content\/uploads\/2025\/04\/Coating.png 1586w, https:\/\/livinylvinyl.com\/wp-content\/uploads\/2025\/04\/Coating-300x169.png 300w, https:\/\/livinylvinyl.com\/wp-content\/uploads\/2025\/04\/Coating-1024x575.png 1024w, https:\/\/livinylvinyl.com\/wp-content\/uploads\/2025\/04\/Coating-768x431.png 768w, https:\/\/livinylvinyl.com\/wp-content\/uploads\/2025\/04\/Coating-1536x863.png 1536w, https:\/\/livinylvinyl.com\/wp-content\/uploads\/2025\/04\/Coating-600x337.png 600w\" sizes=\"(max-width: 1586px) 100vw, 1586px\" \/><figcaption id=\"caption-attachment-609\" class=\"wp-caption-text\">Coating<\/figcaption><\/figure>\n<h3>Koks yra LIVINYL privalumas<sup>\u00ae<\/sup>\u00a0 pjaustyti vinil\u0105?<\/h3>\n<p><strong>LIVINYL pjovimo vinilas turi 6 privalumus:<\/strong><br \/>\n<strong>1. Nuimamas:<\/strong><\/p>\n<p>Kai klijuojate ant sienos, stiklo ar bet kokio kito lygaus pavir\u0161iaus, bet kada galite j\u012f nuimti, o klijai neliks ant pavir\u0161iaus.<\/p>\n<p><strong>2. Draugi\u0161kos med\u017eiagos:<\/strong><\/p>\n<p>LIVINYL<sup>\u00ae<\/sup>\u00a0 pjovimo vinilo \u017ealiava, pagaminta i\u0161 PVC ir tirpiklio klij\u0173, be kvapo, be formaldehido.<\/p>\n<p><strong>3. Ilgas patvarumas:<\/strong><\/p>\n<p>Lauke naudokite 2-3 metus, o patalpose - iki 5 met\u0173.<\/p>\n<p><strong>4. Lengva taikyti:<\/strong><\/p>\n<p>LIVINYL<sup>\u00ae<\/sup>\u00a0 pjovimo vinilas yra lengva vinilo pjovimo ploteris, lengva pjauti ir taikyti ant sienos, stiklo ar bet kokio kito lygaus pavir\u0161iaus.<\/p>\n<p><strong>5. \u012evairios spalvos:<\/strong><\/p>\n<p>Daugiau nei 100+ spalv\u0173, itin blizgus ir itin matinis pavir\u0161ius.<\/p>\n<p><strong>6. Universalus platus naudojimas:<\/strong><\/p>\n<p>LIVINYL<sup>\u00ae<\/sup>\u00a0 pjovimo vinilo galima naudoti vinilo pjovimo ploteris, raid\u0117s ir modeliai pjovimo, lauko ir vidaus grafinis plakatas \u017eenklas, sien\u0173 ir stiklo apdaila, nam\u0173 dekoro, baldai, automobili\u0173 lipdukas lipdukas ir kt.<\/p>\n<p><strong>\u00a0<\/strong><\/p>\n<h3>Kaip naudoti LIVINYL<sup>\u00ae<\/sup>\u00a0 pjaustyti vinil\u0105?<\/h3>\n<p><strong>1. Dizaino k\u016brimas kompiuteriu<\/strong><br \/>\nPriklausomai nuo modelio, kompiuteriu sukurti vaizdai \u012f vinilo pjaustykl\u0119 \u012fkeliami laidais arba per \"Wi-Fi\". Tada vinilas \u012fkeliamas \u012f ma\u0161in\u0105, kur automati\u0161kai paduodamas ir i\u0161pjaunamas pagal nustatyt\u0105 dizain\u0105.<\/p>\n<p><strong>2. Naudokite vinilo pjaustytuv\u0105 pjovimui<\/strong><br \/>\nVinilo pjaustytuvu nedideliu peiliuku tiksliai i\u0161pjaunami fig\u016br\u0173 kont\u016brai vinilo lak\u0161te arba gabal\u0117lyje, bet ne i\u0161skleid\u017eiamajame sluoksnyje. Peilis juda \u012f \u0161onus ir sukasi, o vinilas juda po peiliu. Pjovimo proceso rezultatas - \u012f med\u017eiag\u0105 i\u0161pjautas atvaizdas.<\/p>\n<p><strong>3. I\u0161spausdinimo popieriaus nu\u0117mimas<\/strong><br \/>\nTuomet med\u017eiaga \u2018nuvaloma\u2019, kai nuo i\u0161leid\u017eiamojo sluoksnio pa\u0161alinamos perteklin\u0117s fig\u016br\u0173 dalys. Galima pa\u0161alinti teigiamas dalis, kad gaut\u0173si neigiamas lipdukas, arba pa\u0161alinti neigiamas dalis, kad gaut\u0173si teigiamas lipdukas. Pa\u0161alinus fig\u016br\u0117l\u0119, b\u016bt\u0173 galima pa\u0161alinti teigiamas dalis, tod\u0117l fig\u016br\u0117l\u0117s atrodyt\u0173 neigiamai.<\/p>\n<p><strong>4. Naudokite perk\u0117limo juost\u0105, kad pad\u0117tum\u0117te ir perkeltum\u0117te vinilo<\/strong><br \/>\nAnt pikt\u017eol\u0117mis apaugusio vinilo u\u017ededamas perk\u0117limo juostos su lipniu pagrindu lapas. Volelis priklijuojamas prie juostos, kad ji prilipt\u0173 prie vinilo. Perdavimo juosta ir pikt\u017eol\u0117mis apaug\u0119s vinilas nuimami nuo apsauginio sluoksnio ir klijuojami ant pagrindo, pavyzd\u017eiui, aliuminio lak\u0161to. Taip gaunamas aliuminio \u017eenklas su vinilo fig\u016bromis.<\/p>\n<div id=\"1744768760822\" class=\"cke-navigation\" contenteditable=\"false\">M\u016bs\u0173 privalumai<\/div>\n<p>&nbsp;<\/p>\n<p>1. Kokyb\u0117s kontrol\u0117 ir stabilumas: Kiekvienas gaminys gaminamas grie\u017etai kontroliuojant kokyb\u0119 kiekviename gamybos etape.<\/p>\n<p>proces\u0105 nuo \u017ealiav\u0173 iki galutinio testavimo, kuris u\u017etikrina, kad m\u016bs\u0173 gaminys pasi\u017eym\u0117t\u0173 puikiomis spalvomis ir nuoseklumu.<\/p>\n<p>2. Konkurencinga kaina: Mes da\u017enai stengiam\u0117s pasi\u016blyti geresn\u0119, lanks\u010di\u0105 ir abiem pus\u0117ms nauding\u0105 kain\u0105.<\/p>\n<p>3. Lankstus OEM dizainas: Visapusi\u0161kas OEM aptarnavimas, kad klientas gal\u0117t\u0173 realizuoti savo prek\u0117s \u017eenklo pakuot\u0119<\/p>\n<p>4. Greitas pristatymas: Mes i\u0161si\u0173sime j\u016bs\u0173 u\u017esakym\u0105 per 1-2 darbo dienas po patikrinimo.<br \/>\nmok\u0117jimo ir u\u017esakymo patvirtinimo. Jei n\u0117ra sand\u0117lyje, informuosime jus i\u0161 anksto.<\/p>\n<p>5. Auk\u0161\u010diausios kokyb\u0117s u\u017esakomosios paslaugos: Greitas atsakymas per 24 val. Daugiau nei 10 met\u0173 patirtis<br \/>\nklient\u0173 aptarnavimo, problem\u0173 sprendimo, rinkodaros ir logistikos pristatymo, komandos palaikymo srityse.<br \/>\ni\u0161 profesionalios pardavim\u0173 komandos.<\/p>\n<p>6. Visada b\u016bkite i\u0161tikimi, atsakingi, s\u0105\u017einingi ir nuo\u0161ird\u016bs klientui.<\/p>\n<p>7. Auk\u0161ta kokyb\u0117, ma\u017ea kaina, greitas pristatymas ir puikus aptarnavimas yra m\u016bs\u0173 tikslai.<\/p>\n<div class=\"wpforms-container wpforms-container-full wpforms-render-modern\" id=\"wpforms-544\"><form id=\"wpforms-form-544\" class=\"wpforms-validate wpforms-form wpforms-ajax-form\" data-formid=\"544\" method=\"post\" enctype=\"multipart\/form-data\" action=\"\/lt\/wp-json\/wp\/v2\/product\/706\" data-token=\"52abae4344962d09f97f1eb540e3ad50\" data-token-time=\"1775508493\" data-trp-original-action=\"\/lt\/wp-json\/wp\/v2\/product\/706\"><noscript class=\"wpforms-error-noscript\">Nor\u0117dami u\u017epildyti \u0161i\u0105 form\u0105, nar\u0161ykl\u0117je \u012fjunkite \"JavaScript\".<\/noscript><div class=\"wpforms-hidden\" id=\"wpforms-error-noscript\">Nor\u0117dami u\u017epildyti \u0161i\u0105 form\u0105, nar\u0161ykl\u0117je \u012fjunkite \"JavaScript\".<\/div><div class=\"wpforms-field-container\"><div id=\"wpforms-544-field_1-container\" class=\"wpforms-field wpforms-field-layout\" data-field-id=\"1\"><div class=\"wpforms-field-layout-rows wpforms-field-large\"><div class=\"wpforms-layout-row\"><div class=\"wpforms-layout-column wpforms-layout-column-50\"><div id=\"wpforms-544-field_2-container\" class=\"wpforms-field wpforms-field-name\" data-field-id=\"2\"><label class=\"wpforms-field-label\" for=\"wpforms-544-field_2\">Pavadinimas<\/label><input type=\"text\" id=\"wpforms-544-field_2\" class=\"wpforms-field-medium\" name=\"wpforms[fields][2]\" aria-errormessage=\"wpforms-544-field_2-error\" ><\/div><\/div><div class=\"wpforms-layout-column wpforms-layout-column-50\"><div id=\"wpforms-544-field_3-container\" class=\"wpforms-field wpforms-field-email\" data-field-id=\"3\"><label class=\"wpforms-field-label\" for=\"wpforms-544-field_3\">El. pa\u0161tas <span class=\"wpforms-required-label\" aria-hidden=\"true\">*<\/span><\/label><input type=\"email\" id=\"wpforms-544-field_3\" class=\"wpforms-field-medium wpforms-field-required\" name=\"wpforms[fields][3]\" spellcheck=\"false\" aria-errormessage=\"wpforms-544-field_3-error\" required><\/div><\/div><\/div><div class=\"wpforms-layout-row\"><div class=\"wpforms-layout-column wpforms-layout-column-50\"><div id=\"wpforms-544-field_4-container\" class=\"wpforms-field wpforms-field-phone\" data-field-id=\"4\"><label class=\"wpforms-field-label\" for=\"wpforms-544-field_4\">Telefonas<\/label><input type=\"tel\" id=\"wpforms-544-field_4\" class=\"wpforms-field-medium\" data-rule-int-phone-field=\"true\" name=\"wpforms[fields][4]\" aria-label=\"Telefonas\" aria-errormessage=\"wpforms-544-field_4-error\" ><\/div><\/div><div class=\"wpforms-layout-column wpforms-layout-column-50\"><div id=\"wpforms-544-field_5-container\" class=\"wpforms-field wpforms-field-text\" data-field-id=\"5\"><label class=\"wpforms-field-label\" for=\"wpforms-544-field_5\">U\u017eklausa<\/label><input type=\"text\" id=\"wpforms-544-field_5\" class=\"wpforms-field-medium\" name=\"wpforms[fields][5]\" aria-errormessage=\"wpforms-544-field_5-error\" ><\/div><\/div><\/div><\/div><\/div><\/div><!-- .wpforms-field-container --><div class=\"wpforms-submit-container\" ><input type=\"hidden\" name=\"wpforms[id]\" value=\"544\"><input type=\"hidden\" name=\"page_title\" value=\"\"><input type=\"hidden\" name=\"page_url\" value=\"https:\/\/livinylvinyl.com\/lt\/wp-json\/wp\/v2\/product\/706\"><input type=\"hidden\" name=\"url_referer\" value=\"\"><button type=\"submit\" name=\"wpforms[submit]\" id=\"wpforms-submit-544\" class=\"wpforms-submit\" data-alt-text=\"Sending...\" data-submit-text=\"Submit\" aria-live=\"assertive\" value=\"wpforms-submit\">Pateikti<\/button><img loading=\"lazy\" decoding=\"async\" src=\"https:\/\/livinylvinyl.com\/wp-content\/plugins\/wpforms\/assets\/images\/submit-spin.svg\" class=\"wpforms-submit-spinner\" style=\"display: none;\" width=\"26\" height=\"26\" alt=\"Pakrovimas\"><\/div><input type=\"hidden\" name=\"trp-form-language\" value=\"lt\"\/><\/form><\/div>  <!-- .wpforms-container -->","protected":false},"excerpt":{"rendered":"<table class=\"all magic-11\">\n<tbody>\n<tr>\n<td colspan=\"1\" rowspan=\"1\">\n<div class=\"magic-12\" data-spm-anchor-id=\"a2700.details.0.i87.7bb23414yvGkoe\">Description<\/div>\n<\/td>\n<td colspan=\"1\" rowspan=\"1\">\n<div class=\"magic-13\">VINILO DE CORTE DE COLOR<\/div>\n<\/td>\n<\/tr>\n<tr>\n<td colspan=\"1\" rowspan=\"1\">\n<div class=\"magic-12\">PVC Thickness<\/div>\n<\/td>\n<td colspan=\"1\" rowspan=\"1\">\n<div class=\"magic-13\">80~100 um<\/div>\n<\/td>\n<\/tr>\n<tr>\n<td colspan=\"1\" rowspan=\"1\">\n<div class=\"magic-12\">Liner<\/div>\n<\/td>\n<td colspan=\"1\" rowspan=\"1\">\n<div class=\"magic-13\">120~140 gsm<\/div>\n<\/td>\n<\/tr>\n<tr>\n<td colspan=\"1\" rowspan=\"1\">\n<div class=\"magic-12\">Regular Size<\/div>\n<\/td>\n<td colspan=\"1\" rowspan=\"1\">\n<div class=\"magic-13\">0.61*50M\/1.22*50M<\/div>\n<\/td>\n<\/tr>\n<tr>\n<td colspan=\"1\" rowspan=\"1\">\n<div class=\"magic-12\">Adhesive<\/div>\n<\/td>\n<td colspan=\"1\" rowspan=\"1\">\n<div class=\"magic-13\">Acrylic pressure sensitive adhesive<\/div>\n<\/td>\n<\/tr>\n<tr>\n<td colspan=\"1\" rowspan=\"1\">\n<div class=\"magic-12\">Paper Tube Size<\/div>\n<\/td>\n<td colspan=\"1\" rowspan=\"1\">\n<div class=\"magic-13\">3 inches<\/div>\n<\/td>\n<\/tr>\n<tr>\n<td colspan=\"1\" rowspan=\"1\">\n<div class=\"magic-12\">Pakuot\u0117<\/div>\n<\/td>\n<td colspan=\"1\" rowspan=\"1\">\n<div class=\"magic-13\">Standard paper carton<\/div>\n<\/td>\n<\/tr>\n<tr>\n<td colspan=\"1\" rowspan=\"1\">\n<div class=\"magic-12\">Surface Finish<\/div>\n<\/td>\n<td colspan=\"1\" rowspan=\"1\">\n<div class=\"magic-13\">Glossy and Matte<\/div>\n<\/td>\n<\/tr>\n<\/tbody>\n<\/table>","protected":false},"featured_media":684,"comment_status":"open","ping_status":"closed","template":"","meta":[],"product_brand":[],"product_cat":[18,29],"product_tag":[67,68,66,69],"class_list":{"0":"post-706","1":"product","2":"type-product","3":"status-publish","4":"has-post-thumbnail","6":"product_cat-uncategorized","7":"product_cat-glossy-color-cutting-vinyl","8":"product_tag-brilliant-color-vinyl","9":"product_tag-brilliant-vinil","10":"product_tag-glossy-green-color-vinyl","11":"product_tag-vinil-de-corte","13":"first","14":"instock","15":"shipping-taxable","16":"product-type-simple"},"_links":{"self":[{"href":"https:\/\/livinylvinyl.com\/lt\/wp-json\/wp\/v2\/product\/706","targetHints":{"allow":["GET"]}}],"collection":[{"href":"https:\/\/livinylvinyl.com\/lt\/wp-json\/wp\/v2\/product"}],"about":[{"href":"https:\/\/livinylvinyl.com\/lt\/wp-json\/wp\/v2\/types\/product"}],"replies":[{"embeddable":true,"href":"https:\/\/livinylvinyl.com\/lt\/wp-json\/wp\/v2\/comments?post=706"}],"wp:featuredmedia":[{"embeddable":true,"href":"https:\/\/livinylvinyl.com\/lt\/wp-json\/wp\/v2\/media\/684"}],"wp:attachment":[{"href":"https:\/\/livinylvinyl.com\/lt\/wp-json\/wp\/v2\/media?parent=706"}],"wp:term":[{"taxonomy":"product_brand","embeddable":true,"href":"https:\/\/livinylvinyl.com\/lt\/wp-json\/wp\/v2\/product_brand?post=706"},{"taxonomy":"product_cat","embeddable":true,"href":"https:\/\/livinylvinyl.com\/lt\/wp-json\/wp\/v2\/product_cat?post=706"},{"taxonomy":"product_tag","embeddable":true,"href":"https:\/\/livinylvinyl.com\/lt\/wp-json\/wp\/v2\/product_tag?post=706"}],"curies":[{"name":"wp","href":"https:\/\/api.w.org\/{rel}","templated":true}]}}