{"id":697,"date":"2025-04-22T15:46:45","date_gmt":"2025-04-22T15:46:45","guid":{"rendered":"https:\/\/livinylvinyl.com\/?post_type=product&#038;p=697"},"modified":"2025-04-22T15:54:27","modified_gmt":"2025-04-22T15:54:27","slug":"royal-blue-glossy-lettering-vinyl","status":"publish","type":"product","link":"https:\/\/livinylvinyl.com\/es\/product\/royal-blue-glossy-lettering-vinyl\/","title":{"rendered":"Venta al por mayor caliente econ\u00f3mico azul real brillante de corte de color PVC pegatinas letras de vinilo"},"content":{"rendered":"<p>Wholesale Hot Selling Economic Royal Blue Glossy Cutting Vinyl PVC Stickers Color Lettering Vinyl<\/p>\n<div id=\"sellingpoint\" class=\"header\">\n<h2 data-spm-anchor-id=\"a2700.details.0.i83.7bb23414yvGkoe\">About this product<\/h2>\n<p><span class=\"id-mt-1 id-flex id-items-center id-text-xs id-font-normal id-text-[#767676]\"><button type=\"button\" aria-haspopup=\"dialog\" aria-expanded=\"false\" aria-controls=\"radix-:r0:\" data-state=\"closed\">Includes generated contents<\/button><\/span><\/p>\n<\/div>\n<ul class=\"\">\n<li>Customizable Color Options: This Lettering Vinyl offers a wide range of customizable colors to suit various advertising needs, allowing businesses to create visually appealing and eye-catching signs.<\/li>\n<li>Durable Tear-Resistant Material: The Lettering Vinyl is tear-resistant, ensuring that the signs remain intact even in harsh outdoor conditions, providing long-lasting durability and reliability.<\/li>\n<li>High-Quality Printing: The PVC material used in this product ensures high-quality printing, resulting in vibrant and clear images that grab attention.<\/li>\n<li>Easy Application and Removal: The Lettering Vinyl is easy to apply and remove without leaving any residue, making it ideal for frequent sign changes and updates.<\/li>\n<li>Economical Pricing: With a minimum order quantity of 20 rolls, businesses can purchase this product at an economical price, making it an affordable option for large-scale advertising needs.<\/li>\n<li>\n<div class=\"attribute-list\" data-spm-anchor-id=\"a2700.details.0.i85.7bb23414yvGkoe\">\n<div class=\"attribute-item\">\n<div class=\"left\" data-spm-anchor-id=\"a2700.details.0.i84.7bb23414yvGkoe\">place of origin: guangdong, China<\/div>\n<\/div>\n<div class=\"attribute-item\">\n<div class=\"left\">Feature: Eco-Friendly<\/div>\n<\/div>\n<div class=\"attribute-item\">\n<div class=\"left\">brand name:LIVINYL\/OEM\/ODM<\/div>\n<div class=\"right\">model number:G1020<\/div>\n<\/div>\n<div class=\"attribute-item\">\n<div class=\"left\">Product name: Lettering vinyl<\/div>\n<\/div>\n<div class=\"attribute-item\">\n<div class=\"left\">Material: PVC + GLUE + RELEASE PAPER<\/div>\n<\/div>\n<div class=\"attribute-item\">\n<div class=\"left\">Type: Cutting Plotter Vinyl<\/div>\n<\/div>\n<div class=\"attribute-item\">\n<div class=\"left\">Surface: Glossy Matt<\/div>\n<\/div>\n<div class=\"attribute-item\">\n<div class=\"left\">Application: Sign<\/div>\n<\/div>\n<div class=\"attribute-item\">\n<div class=\"left\">Color: Customized Color<\/div>\n<\/div>\n<div class=\"attribute-item\">\n<div class=\"left\">MOQ: 20 Rolls \/ Size<\/div>\n<\/div>\n<div class=\"attribute-item\">\n<div class=\"left\">Feature: Tear-Resistant<\/div>\n<\/div>\n<div class=\"attribute-item\">\n<div class=\"left\">Size: 1.22*50m\/0.61*50m<\/div>\n<\/div>\n<\/div>\n<h3>Packaging and delivery<\/h3>\n<div class=\"attribute-list\">\n<div class=\"attribute-item\">\n<div class=\"left\">Selling Units: Single item<\/div>\n<\/div>\n<div class=\"attribute-item\">\n<div class=\"left\">Single package size: 122X15X15 cm<\/div>\n<\/div>\n<div class=\"attribute-item\">\n<div class=\"left\">Single gross weight: 17.000 kg<\/div>\n<\/div>\n<\/div>\n<\/li>\n<\/ul>\n<p><img fetchpriority=\"high\" decoding=\"async\" class=\"alignnone size-full wp-image-702\" src=\"https:\/\/livinylvinyl.com\/wp-content\/uploads\/2025\/04\/LETTERING-VINYL-3.jpg\" alt=\"\" width=\"750\" height=\"734\" srcset=\"https:\/\/livinylvinyl.com\/wp-content\/uploads\/2025\/04\/LETTERING-VINYL-3.jpg 750w, https:\/\/livinylvinyl.com\/wp-content\/uploads\/2025\/04\/LETTERING-VINYL-3-300x294.jpg 300w, https:\/\/livinylvinyl.com\/wp-content\/uploads\/2025\/04\/LETTERING-VINYL-3-600x587.jpg 600w\" sizes=\"(max-width: 750px) 100vw, 750px\" \/> <img decoding=\"async\" class=\"alignnone size-full wp-image-692\" src=\"https:\/\/livinylvinyl.com\/wp-content\/uploads\/2025\/04\/color-CUTTING-VINYL-3.avif\" alt=\"color CUTTING VINYL (4)\" width=\"790\" height=\"594\" srcset=\"https:\/\/livinylvinyl.com\/wp-content\/uploads\/2025\/04\/color-CUTTING-VINYL-3.avif 790w, https:\/\/livinylvinyl.com\/wp-content\/uploads\/2025\/04\/color-CUTTING-VINYL-3-300x226.avif 300w, https:\/\/livinylvinyl.com\/wp-content\/uploads\/2025\/04\/color-CUTTING-VINYL-3-768x577.avif 768w, https:\/\/livinylvinyl.com\/wp-content\/uploads\/2025\/04\/color-CUTTING-VINYL-3-600x451.avif 600w\" sizes=\"(max-width: 790px) 100vw, 790px\" \/> <img decoding=\"async\" class=\"alignnone size-full wp-image-703\" src=\"https:\/\/livinylvinyl.com\/wp-content\/uploads\/2025\/04\/LETTERING-VINYL-4.jpg\" alt=\"VINILO DE ROTULACI\u00d3N \" width=\"750\" height=\"750\" srcset=\"https:\/\/livinylvinyl.com\/wp-content\/uploads\/2025\/04\/LETTERING-VINYL-4.jpg 750w, https:\/\/livinylvinyl.com\/wp-content\/uploads\/2025\/04\/LETTERING-VINYL-4-300x300.jpg 300w, https:\/\/livinylvinyl.com\/wp-content\/uploads\/2025\/04\/LETTERING-VINYL-4-150x150.jpg 150w, https:\/\/livinylvinyl.com\/wp-content\/uploads\/2025\/04\/LETTERING-VINYL-4-600x600.jpg 600w, https:\/\/livinylvinyl.com\/wp-content\/uploads\/2025\/04\/LETTERING-VINYL-4-100x100.jpg 100w\" sizes=\"(max-width: 750px) 100vw, 750px\" \/> <img loading=\"lazy\" decoding=\"async\" class=\"alignnone size-full wp-image-701\" src=\"https:\/\/livinylvinyl.com\/wp-content\/uploads\/2025\/04\/LETTERING-VINYL-2.jpg\" alt=\"VINILO DE ROTULACI\u00d3N \" width=\"750\" height=\"923\" srcset=\"https:\/\/livinylvinyl.com\/wp-content\/uploads\/2025\/04\/LETTERING-VINYL-2.jpg 750w, https:\/\/livinylvinyl.com\/wp-content\/uploads\/2025\/04\/LETTERING-VINYL-2-244x300.jpg 244w, https:\/\/livinylvinyl.com\/wp-content\/uploads\/2025\/04\/LETTERING-VINYL-2-600x738.jpg 600w\" sizes=\"(max-width: 750px) 100vw, 750px\" \/> <img loading=\"lazy\" decoding=\"async\" class=\"alignnone size-full wp-image-700\" src=\"https:\/\/livinylvinyl.com\/wp-content\/uploads\/2025\/04\/LETTERING-VINYL-1.jpg\" alt=\"VINILO DE ROTULACI\u00d3N \" width=\"750\" height=\"604\" srcset=\"https:\/\/livinylvinyl.com\/wp-content\/uploads\/2025\/04\/LETTERING-VINYL-1.jpg 750w, https:\/\/livinylvinyl.com\/wp-content\/uploads\/2025\/04\/LETTERING-VINYL-1-300x242.jpg 300w, https:\/\/livinylvinyl.com\/wp-content\/uploads\/2025\/04\/LETTERING-VINYL-1-600x483.jpg 600w\" sizes=\"(max-width: 750px) 100vw, 750px\" \/> <img loading=\"lazy\" decoding=\"async\" class=\"alignnone size-full wp-image-704\" src=\"https:\/\/livinylvinyl.com\/wp-content\/uploads\/2025\/04\/LETTERING-VINYL-5.jpg\" alt=\"VINILO DE ROTULACI\u00d3N \" width=\"750\" height=\"474\" srcset=\"https:\/\/livinylvinyl.com\/wp-content\/uploads\/2025\/04\/LETTERING-VINYL-5.jpg 750w, https:\/\/livinylvinyl.com\/wp-content\/uploads\/2025\/04\/LETTERING-VINYL-5-300x190.jpg 300w, https:\/\/livinylvinyl.com\/wp-content\/uploads\/2025\/04\/LETTERING-VINYL-5-600x379.jpg 600w\" sizes=\"(max-width: 750px) 100vw, 750px\" \/><\/p>\n<h2>our company<\/h2>\n<p>Livinyl Co, Ltd Como empresa dirigida por sus propietarios, hemos estado desarrollando, fabricando y comercializando con \u00e9xito vinilos autoadhesivos para una amplia gama de aplicaciones desde 2012. Livinyl se centra en el dise\u00f1o, producci\u00f3n y venta de Vinilos de Transferencia T\u00e9rmica, Vinilos Adhesivos Publicitarios, Vinilos para Car Wrap, Stencil Sandblast, Vinilos Decorativos...Las necesidades de nuestros clientes y las demandas del mercado nos dirigen continuamente hacia nuevas ideas, que convertimos en productos innovadores y de alta calidad con la garant\u00eda de calidad de ser 'Made in China'.<\/p>\n<p>LiVinyl, is an emerging vinyl manufacturer headquartered in guangdong, China More than 13\u00a0years of manufacturing experience.<\/p>\n<figure id=\"attachment_616\" aria-describedby=\"caption-attachment-616\" style=\"width: 1706px\" class=\"wp-caption alignnone\"><img loading=\"lazy\" decoding=\"async\" class=\"size-full wp-image-616\" src=\"https:\/\/livinylvinyl.com\/wp-content\/uploads\/2025\/04\/RAW-MATERIALS.jpg\" alt=\"vinyl\" width=\"1706\" height=\"960\" srcset=\"https:\/\/livinylvinyl.com\/wp-content\/uploads\/2025\/04\/RAW-MATERIALS.jpg 1706w, https:\/\/livinylvinyl.com\/wp-content\/uploads\/2025\/04\/RAW-MATERIALS-300x169.jpg 300w, https:\/\/livinylvinyl.com\/wp-content\/uploads\/2025\/04\/RAW-MATERIALS-1024x576.jpg 1024w, https:\/\/livinylvinyl.com\/wp-content\/uploads\/2025\/04\/RAW-MATERIALS-768x432.jpg 768w, https:\/\/livinylvinyl.com\/wp-content\/uploads\/2025\/04\/RAW-MATERIALS-1536x864.jpg 1536w, https:\/\/livinylvinyl.com\/wp-content\/uploads\/2025\/04\/RAW-MATERIALS-600x338.jpg 600w\" sizes=\"(max-width: 1706px) 100vw, 1706px\" \/><figcaption id=\"caption-attachment-616\" class=\"wp-caption-text\">RAW MATERIALS<\/figcaption><\/figure>\n<figure id=\"attachment_612\" aria-describedby=\"caption-attachment-612\" style=\"width: 800px\" class=\"wp-caption alignnone\"><img loading=\"lazy\" decoding=\"async\" class=\"size-full wp-image-612\" src=\"https:\/\/livinylvinyl.com\/wp-content\/uploads\/2025\/04\/FACTORY.jpg\" alt=\"vinyl\" width=\"800\" height=\"600\" srcset=\"https:\/\/livinylvinyl.com\/wp-content\/uploads\/2025\/04\/FACTORY.jpg 800w, https:\/\/livinylvinyl.com\/wp-content\/uploads\/2025\/04\/FACTORY-300x225.jpg 300w, https:\/\/livinylvinyl.com\/wp-content\/uploads\/2025\/04\/FACTORY-768x576.jpg 768w, https:\/\/livinylvinyl.com\/wp-content\/uploads\/2025\/04\/FACTORY-600x450.jpg 600w\" sizes=\"(max-width: 800px) 100vw, 800px\" \/><figcaption id=\"caption-attachment-612\" class=\"wp-caption-text\">FACTORY<\/figcaption><\/figure>\n<figure id=\"attachment_614\" aria-describedby=\"caption-attachment-614\" style=\"width: 887px\" class=\"wp-caption alignnone\"><img loading=\"lazy\" decoding=\"async\" class=\"size-full wp-image-614\" src=\"https:\/\/livinylvinyl.com\/wp-content\/uploads\/2025\/04\/JUMB-ROLLS-STOCK.jpg\" alt=\"vinyl\" width=\"887\" height=\"665\" srcset=\"https:\/\/livinylvinyl.com\/wp-content\/uploads\/2025\/04\/JUMB-ROLLS-STOCK.jpg 887w, https:\/\/livinylvinyl.com\/wp-content\/uploads\/2025\/04\/JUMB-ROLLS-STOCK-300x225.jpg 300w, https:\/\/livinylvinyl.com\/wp-content\/uploads\/2025\/04\/JUMB-ROLLS-STOCK-768x576.jpg 768w, https:\/\/livinylvinyl.com\/wp-content\/uploads\/2025\/04\/JUMB-ROLLS-STOCK-600x450.jpg 600w\" sizes=\"(max-width: 887px) 100vw, 887px\" \/><figcaption id=\"caption-attachment-614\" class=\"wp-caption-text\">JUMB ROLLS STOCK<\/figcaption><\/figure>\n<figure id=\"attachment_615\" aria-describedby=\"caption-attachment-615\" style=\"width: 1452px\" class=\"wp-caption alignnone\"><img loading=\"lazy\" decoding=\"async\" class=\"size-full wp-image-615\" src=\"https:\/\/livinylvinyl.com\/wp-content\/uploads\/2025\/04\/RAW-MATERIAL.jpg\" alt=\"vinyl\" width=\"1452\" height=\"816\" srcset=\"https:\/\/livinylvinyl.com\/wp-content\/uploads\/2025\/04\/RAW-MATERIAL.jpg 1452w, https:\/\/livinylvinyl.com\/wp-content\/uploads\/2025\/04\/RAW-MATERIAL-300x169.jpg 300w, https:\/\/livinylvinyl.com\/wp-content\/uploads\/2025\/04\/RAW-MATERIAL-1024x575.jpg 1024w, https:\/\/livinylvinyl.com\/wp-content\/uploads\/2025\/04\/RAW-MATERIAL-768x432.jpg 768w, https:\/\/livinylvinyl.com\/wp-content\/uploads\/2025\/04\/RAW-MATERIAL-600x337.jpg 600w\" sizes=\"(max-width: 1452px) 100vw, 1452px\" \/><figcaption id=\"caption-attachment-615\" class=\"wp-caption-text\">RAW MATERIAL<\/figcaption><\/figure>\n<figure id=\"attachment_611\" aria-describedby=\"caption-attachment-611\" style=\"width: 1530px\" class=\"wp-caption alignnone\"><img loading=\"lazy\" decoding=\"async\" class=\"size-full wp-image-611\" src=\"https:\/\/livinylvinyl.com\/wp-content\/uploads\/2025\/04\/Cutting.png\" alt=\"vinyl\" width=\"1530\" height=\"859\" srcset=\"https:\/\/livinylvinyl.com\/wp-content\/uploads\/2025\/04\/Cutting.png 1530w, https:\/\/livinylvinyl.com\/wp-content\/uploads\/2025\/04\/Cutting-300x168.png 300w, https:\/\/livinylvinyl.com\/wp-content\/uploads\/2025\/04\/Cutting-1024x575.png 1024w, https:\/\/livinylvinyl.com\/wp-content\/uploads\/2025\/04\/Cutting-768x431.png 768w, https:\/\/livinylvinyl.com\/wp-content\/uploads\/2025\/04\/Cutting-600x337.png 600w\" sizes=\"(max-width: 1530px) 100vw, 1530px\" \/><figcaption id=\"caption-attachment-611\" class=\"wp-caption-text\">Cutting<\/figcaption><\/figure>\n<figure id=\"attachment_610\" aria-describedby=\"caption-attachment-610\" style=\"width: 1494px\" class=\"wp-caption alignnone\"><img loading=\"lazy\" decoding=\"async\" class=\"size-full wp-image-610\" src=\"https:\/\/livinylvinyl.com\/wp-content\/uploads\/2025\/04\/Composite.png\" alt=\"vinyl\" width=\"1494\" height=\"839\" srcset=\"https:\/\/livinylvinyl.com\/wp-content\/uploads\/2025\/04\/Composite.png 1494w, https:\/\/livinylvinyl.com\/wp-content\/uploads\/2025\/04\/Composite-300x168.png 300w, https:\/\/livinylvinyl.com\/wp-content\/uploads\/2025\/04\/Composite-1024x575.png 1024w, https:\/\/livinylvinyl.com\/wp-content\/uploads\/2025\/04\/Composite-768x431.png 768w, https:\/\/livinylvinyl.com\/wp-content\/uploads\/2025\/04\/Composite-600x337.png 600w\" sizes=\"(max-width: 1494px) 100vw, 1494px\" \/><figcaption id=\"caption-attachment-610\" class=\"wp-caption-text\">Composite<\/figcaption><\/figure>\n<figure id=\"attachment_609\" aria-describedby=\"caption-attachment-609\" style=\"width: 1586px\" class=\"wp-caption alignnone\"><img loading=\"lazy\" decoding=\"async\" class=\"size-full wp-image-609\" src=\"https:\/\/livinylvinyl.com\/wp-content\/uploads\/2025\/04\/Coating.png\" alt=\"vinyl\" width=\"1586\" height=\"891\" srcset=\"https:\/\/livinylvinyl.com\/wp-content\/uploads\/2025\/04\/Coating.png 1586w, https:\/\/livinylvinyl.com\/wp-content\/uploads\/2025\/04\/Coating-300x169.png 300w, https:\/\/livinylvinyl.com\/wp-content\/uploads\/2025\/04\/Coating-1024x575.png 1024w, https:\/\/livinylvinyl.com\/wp-content\/uploads\/2025\/04\/Coating-768x431.png 768w, https:\/\/livinylvinyl.com\/wp-content\/uploads\/2025\/04\/Coating-1536x863.png 1536w, https:\/\/livinylvinyl.com\/wp-content\/uploads\/2025\/04\/Coating-600x337.png 600w\" sizes=\"(max-width: 1586px) 100vw, 1586px\" \/><figcaption id=\"caption-attachment-609\" class=\"wp-caption-text\">Coating<\/figcaption><\/figure>\n<h3>What is the advantage of LIVINYL<sup>\u00ae<\/sup>\u00a0 cutting vinyl?<\/h3>\n<p><strong>The LIVINYL cutting vinyl with 6 advantages:<\/strong><br \/>\n<strong>1. Removable:<\/strong><\/p>\n<p>When you stick on the wall, glass or any other smooth surface, you can remove it any time, and without the glue leave on the surface.<\/p>\n<p><strong>2. Friendly materials:<\/strong><\/p>\n<p>The LIVINYL<sup>\u00ae<\/sup>\u00a0 cutting vinyl raw material made by PVC and solvent glue, no smell, no formaldehyde.<\/p>\n<p><strong>3. Long durability:<\/strong><\/p>\n<p>Use for outdoor 2-3 years, for indoor up to 5 years.<\/p>\n<p><strong>4. Easy to application:<\/strong><\/p>\n<p>LIVINYL<sup>\u00ae<\/sup>\u00a0 cutting vinyl is easy for vinyl cutter plotter, easy to cut and application on the wall, glass or any other smooth surface.<\/p>\n<p><strong>5. Multi colors:<\/strong><\/p>\n<p>With more than 100+ colors, super gloss and super matte surface.<\/p>\n<p><strong>6. Versatile widely use:<\/strong><\/p>\n<p>LIVINYL<sup>\u00ae<\/sup>\u00a0 cutting vinyl can be use for vinyl cutting plotter, letters and patterns cutting, outdoor and indoor graphic poster sign, wall and glass decoration, home decor, furniture, car decal sticker etc.<\/p>\n<p><strong>\u00a0<\/strong><\/p>\n<h3>How to use LIVINYL<sup>\u00ae<\/sup>\u00a0 cutting vinyl?<\/h3>\n<p><strong>1. Design creation in the computer<\/strong><br \/>\nComputer designed images are loaded onto the vinyl cutter via cords or over wifi depending on the model. Then the vinyl is loaded into the machine where it is automatically fed through and cut to follow the set design.<\/p>\n<p><strong>2. Use the vinyl cutter to cutting<\/strong><br \/>\nThe vinyl cutter uses a small knife to precisely cut the outline of figures into a sheet or piece of vinyl, but not the release liner. The knife moves side to side and turns, while the vinyl is moved beneath the knife. The results from the cut process is an image cut into the material.<\/p>\n<p><strong>3. Weeding the release paper<\/strong><br \/>\nThe material is then &#8216;weeded&#8217; where the excess parts of the figures are removed from the release liner. It is possible to remove the positive parts, which would give a negative sticker, or remove the negative parts, giving a positive sticker. Removing the figure would be like removing the positive, giving a negative image of the figures.<\/p>\n<p><strong>4. Use the transfer tape to position and transfer the vinilo<\/strong><br \/>\nA sheet of transfer tape with an adhesive backing is laid on the weeded vinyl. A roller is applied to the tape, causing it to adhere to the vinyl. The transfer tape and the weeded vinyl is pulled off the release liner, and applied to a substrate, such as a sheet of aluminium. This results in an aluminium sign with vinyl figures.<\/p>\n<div id=\"1744768760822\" class=\"cke-navigation\" contenteditable=\"false\">Our Advantages<\/div>\n<p>&nbsp;<\/p>\n<p>1. Quality control and stability: Applied with high quality, each product is produced under strict quality control at every manufacturing<\/p>\n<p>process from raw materials to final testing, which ensures our product come with perfect performance on color and consistency.<\/p>\n<p>2. Competitive price: We frequently strive to offer better, flexible and win-win price<\/p>\n<p>3. Flexible OEM design: Full OEM service to realize customer own brand packing<\/p>\n<p>4. Fast delivery: We will ship out your order within 1-2 business days after verificating<br \/>\nof the payment and confirmation of the order. If out of stock, we will inform you in advance.<\/p>\n<p>5. Premium custom service: Fast response within 24hours. Over 10 years of experiences<br \/>\nin customer service, problem solving, marketing and logistic delivery, Team support<br \/>\nfrom professional sales team.<\/p>\n<p>6. Always be faithful, responsible, honest and sincere to our client.<\/p>\n<p>7. High quality, low price, fast delivery and excellent service are always our aims.<\/p>\n<div class=\"wpforms-container wpforms-container-full wpforms-render-modern\" id=\"wpforms-544\"><form id=\"wpforms-form-544\" class=\"wpforms-validate wpforms-form wpforms-ajax-form\" data-formid=\"544\" method=\"post\" enctype=\"multipart\/form-data\" action=\"\/es\/wp-json\/wp\/v2\/product\/697\" data-token=\"52abae4344962d09f97f1eb540e3ad50\" data-token-time=\"1775519162\" data-trp-original-action=\"\/es\/wp-json\/wp\/v2\/product\/697\"><noscript class=\"wpforms-error-noscript\">Por favor, activa JavaScript en tu navegador para completar este formulario.<\/noscript><div class=\"wpforms-hidden\" id=\"wpforms-error-noscript\">Por favor, activa JavaScript en tu navegador para completar este formulario.<\/div><div class=\"wpforms-field-container\"><div id=\"wpforms-544-field_1-container\" class=\"wpforms-field wpforms-field-layout\" data-field-id=\"1\"><div class=\"wpforms-field-layout-rows wpforms-field-large\"><div class=\"wpforms-layout-row\"><div class=\"wpforms-layout-column wpforms-layout-column-50\"><div id=\"wpforms-544-field_2-container\" class=\"wpforms-field wpforms-field-name\" data-field-id=\"2\"><label class=\"wpforms-field-label\" for=\"wpforms-544-field_2\">Nombre<\/label><input type=\"text\" id=\"wpforms-544-field_2\" class=\"wpforms-field-medium\" name=\"wpforms[fields][2]\" aria-errormessage=\"wpforms-544-field_2-error\" ><\/div><\/div><div class=\"wpforms-layout-column wpforms-layout-column-50\"><div id=\"wpforms-544-field_3-container\" class=\"wpforms-field wpforms-field-email\" data-field-id=\"3\"><label class=\"wpforms-field-label\" for=\"wpforms-544-field_3\">Correo electr\u00f3nico <span class=\"wpforms-required-label\" aria-hidden=\"true\">*<\/span><\/label><input type=\"email\" id=\"wpforms-544-field_3\" class=\"wpforms-field-medium wpforms-field-required\" name=\"wpforms[fields][3]\" spellcheck=\"false\" aria-errormessage=\"wpforms-544-field_3-error\" required><\/div><\/div><\/div><div class=\"wpforms-layout-row\"><div class=\"wpforms-layout-column wpforms-layout-column-50\"><div id=\"wpforms-544-field_4-container\" class=\"wpforms-field wpforms-field-phone\" data-field-id=\"4\"><label class=\"wpforms-field-label\" for=\"wpforms-544-field_4\">Tel\u00e9fono<\/label><input type=\"tel\" id=\"wpforms-544-field_4\" class=\"wpforms-field-medium\" data-rule-int-phone-field=\"true\" name=\"wpforms[fields][4]\" aria-label=\"Tel\u00e9fono\" aria-errormessage=\"wpforms-544-field_4-error\" ><\/div><\/div><div class=\"wpforms-layout-column wpforms-layout-column-50\"><div id=\"wpforms-544-field_5-container\" class=\"wpforms-field wpforms-field-text\" data-field-id=\"5\"><label class=\"wpforms-field-label\" for=\"wpforms-544-field_5\">Consulta<\/label><input type=\"text\" id=\"wpforms-544-field_5\" class=\"wpforms-field-medium\" name=\"wpforms[fields][5]\" aria-errormessage=\"wpforms-544-field_5-error\" ><\/div><\/div><\/div><\/div><\/div><\/div><!-- .wpforms-field-container --><div class=\"wpforms-submit-container\" ><input type=\"hidden\" name=\"wpforms[id]\" value=\"544\"><input type=\"hidden\" name=\"page_title\" value=\"\"><input type=\"hidden\" name=\"page_url\" value=\"https:\/\/livinylvinyl.com\/es\/wp-json\/wp\/v2\/product\/697\"><input type=\"hidden\" name=\"url_referer\" value=\"\"><button type=\"submit\" name=\"wpforms[submit]\" id=\"wpforms-submit-544\" class=\"wpforms-submit\" data-alt-text=\"Sending...\" data-submit-text=\"Submit\" aria-live=\"assertive\" value=\"wpforms-submit\">Submit<\/button><img loading=\"lazy\" decoding=\"async\" src=\"https:\/\/livinylvinyl.com\/wp-content\/plugins\/wpforms\/assets\/images\/submit-spin.svg\" class=\"wpforms-submit-spinner\" style=\"display: none;\" width=\"26\" height=\"26\" alt=\"Cargando\"><\/div><input type=\"hidden\" name=\"trp-form-language\" value=\"es\"\/><\/form><\/div>  <!-- .wpforms-container -->","protected":false},"excerpt":{"rendered":"<table class=\"all magic-11\">\n<tbody>\n<tr>\n<td colspan=\"1\" rowspan=\"1\">\n<div class=\"magic-12\" data-spm-anchor-id=\"a2700.details.0.i87.7bb23414yvGkoe\">Description<\/div>\n<\/td>\n<td colspan=\"1\" rowspan=\"1\">\n<div class=\"magic-13\">Lettering Vinyl<\/div>\n<\/td>\n<\/tr>\n<tr>\n<td colspan=\"1\" rowspan=\"1\">\n<div class=\"magic-12\">PVC Thickness<\/div>\n<\/td>\n<td colspan=\"1\" rowspan=\"1\">\n<div class=\"magic-13\">80~100 um<\/div>\n<\/td>\n<\/tr>\n<tr>\n<td colspan=\"1\" rowspan=\"1\">\n<div class=\"magic-12\">Liner<\/div>\n<\/td>\n<td colspan=\"1\" rowspan=\"1\">\n<div class=\"magic-13\">120~140 gsm<\/div>\n<\/td>\n<\/tr>\n<tr>\n<td colspan=\"1\" rowspan=\"1\">\n<div class=\"magic-12\">Regular Size<\/div>\n<\/td>\n<td colspan=\"1\" rowspan=\"1\">\n<div class=\"magic-13\">0.61*50M\/1.22*50M<\/div>\n<\/td>\n<\/tr>\n<tr>\n<td colspan=\"1\" rowspan=\"1\">\n<div class=\"magic-12\">Adhesive<\/div>\n<\/td>\n<td colspan=\"1\" rowspan=\"1\">\n<div class=\"magic-13\">Acrylic pressure sensitive adhesive<\/div>\n<\/td>\n<\/tr>\n<tr>\n<td colspan=\"1\" rowspan=\"1\">\n<div class=\"magic-12\">Paper Tube Size<\/div>\n<\/td>\n<td colspan=\"1\" rowspan=\"1\">\n<div class=\"magic-13\">3 inches<\/div>\n<\/td>\n<\/tr>\n<tr>\n<td colspan=\"1\" rowspan=\"1\">\n<div class=\"magic-12\">Packaging<\/div>\n<\/td>\n<td colspan=\"1\" rowspan=\"1\">\n<div class=\"magic-13\">Standard paper carton<\/div>\n<\/td>\n<\/tr>\n<tr>\n<td colspan=\"1\" rowspan=\"1\">\n<div class=\"magic-12\">Surface Finish<\/div>\n<\/td>\n<td colspan=\"1\" rowspan=\"1\">\n<div class=\"magic-13\">Glossy and Matte<\/div>\n<\/td>\n<\/tr>\n<\/tbody>\n<\/table>","protected":false},"featured_media":673,"comment_status":"open","ping_status":"closed","template":"","meta":[],"product_brand":[],"product_cat":[18,29],"product_tag":[63,58,65,64,60,61,62],"class_list":{"0":"post-697","1":"product","2":"type-product","3":"status-publish","4":"has-post-thumbnail","6":"product_cat-uncategorized","7":"product_cat-glossy-color-cutting-vinyl","8":"product_tag-cut-vinyl","9":"product_tag-die-cut-vinyl","10":"product_tag-glossy-royal-blue-graphic-vinyl","11":"product_tag-graphic-adhesive-vinyl","12":"product_tag-graphic-vinyl","13":"product_tag-lettering-vinyl","14":"product_tag-vinyl-lettering","16":"first","17":"instock","18":"shipping-taxable","19":"product-type-simple"},"_links":{"self":[{"href":"https:\/\/livinylvinyl.com\/es\/wp-json\/wp\/v2\/product\/697","targetHints":{"allow":["GET"]}}],"collection":[{"href":"https:\/\/livinylvinyl.com\/es\/wp-json\/wp\/v2\/product"}],"about":[{"href":"https:\/\/livinylvinyl.com\/es\/wp-json\/wp\/v2\/types\/product"}],"replies":[{"embeddable":true,"href":"https:\/\/livinylvinyl.com\/es\/wp-json\/wp\/v2\/comments?post=697"}],"wp:featuredmedia":[{"embeddable":true,"href":"https:\/\/livinylvinyl.com\/es\/wp-json\/wp\/v2\/media\/673"}],"wp:attachment":[{"href":"https:\/\/livinylvinyl.com\/es\/wp-json\/wp\/v2\/media?parent=697"}],"wp:term":[{"taxonomy":"product_brand","embeddable":true,"href":"https:\/\/livinylvinyl.com\/es\/wp-json\/wp\/v2\/product_brand?post=697"},{"taxonomy":"product_cat","embeddable":true,"href":"https:\/\/livinylvinyl.com\/es\/wp-json\/wp\/v2\/product_cat?post=697"},{"taxonomy":"product_tag","embeddable":true,"href":"https:\/\/livinylvinyl.com\/es\/wp-json\/wp\/v2\/product_tag?post=697"}],"curies":[{"name":"wp","href":"https:\/\/api.w.org\/{rel}","templated":true}]}}